{"id":1356,"date":"2023-04-10T13:26:17","date_gmt":"2023-04-10T11:26:17","guid":{"rendered":"https:\/\/miralconcept.eu\/?page_id=1356"},"modified":"2023-04-10T13:54:20","modified_gmt":"2023-04-10T11:54:20","slug":"politique-de-cookies","status":"publish","type":"page","link":"https:\/\/miralconcept.eu\/en\/cookies-policy\/","title":{"rendered":"Cookies Policy"},"content":{"rendered":"<div data-elementor-type=\"wp-page\" data-elementor-id=\"1356\" class=\"elementor elementor-1356\">\n\t\t\t\t\t\t\t<div class=\"elementor-element elementor-element-bbe2d9d e-con-boxed e-con\" data-id=\"bbe2d9d\" data-element_type=\"container\" data-settings=\"{&quot;background_background&quot;:&quot;classic&quot;,&quot;content_width&quot;:&quot;boxed&quot;}\">\n\t\t\t\t\t<div class=\"e-con-inner\">\n\t\t<div class=\"elementor-element elementor-element-0b46136 e-con-boxed e-con\" data-id=\"0b46136\" data-element_type=\"container\" data-settings=\"{&quot;content_width&quot;:&quot;boxed&quot;}\">\n\t\t\t\t\t<div class=\"e-con-inner\">\n\t\t\t\t<div class=\"elementor-element elementor-element-b5f32a0 elementor-widget elementor-widget-heading\" data-id=\"b5f32a0\" data-element_type=\"widget\" data-widget_type=\"heading.default\">\n\t\t\t\t<div class=\"elementor-widget-container\">\n\t\t\t<style>\/*! elementor - v3.12.2 - 23-04-2023 *\/\n.elementor-heading-title{padding:0;margin:0;line-height:1}.elementor-widget-heading .elementor-heading-title[class*=elementor-size-]>a{color:inherit;font-size:inherit;line-height:inherit}.elementor-widget-heading .elementor-heading-title.elementor-size-small{font-size:15px}.elementor-widget-heading .elementor-heading-title.elementor-size-medium{font-size:19px}.elementor-widget-heading .elementor-heading-title.elementor-size-large{font-size:29px}.elementor-widget-heading .elementor-heading-title.elementor-size-xl{font-size:39px}.elementor-widget-heading .elementor-heading-title.elementor-size-xxl{font-size:59px}<\/style><h2 class=\"elementor-heading-title elementor-size-default\">Miral Concept<\/h2>\t\t<\/div>\n\t\t\t\t<\/div>\n\t\t\t\t<div class=\"elementor-element elementor-element-6dad8ba elementor-widget elementor-widget-heading\" data-id=\"6dad8ba\" data-element_type=\"widget\" data-widget_type=\"heading.default\">\n\t\t\t\t<div class=\"elementor-widget-container\">\n\t\t\t<h3 class=\"elementor-heading-title elementor-size-default\">Cookies Policy<\/h3>\t\t<\/div>\n\t\t\t\t<\/div>\n\t\t\t\t\t<\/div>\n\t\t\t\t<\/div>\n\t\t\t\t\t<\/div>\n\t\t\t\t<\/div>\n\t\t<div class=\"elementor-element elementor-element-2893cbb e-con-boxed e-con\" data-id=\"2893cbb\" data-element_type=\"container\" data-settings=\"{&quot;content_width&quot;:&quot;boxed&quot;}\">\n\t\t\t\t\t<div class=\"e-con-inner\">\n\t\t\t\t<div class=\"elementor-element elementor-element-667ff4bb elementor-widget elementor-widget-text-editor\" data-id=\"667ff4bb\" data-element_type=\"widget\" data-widget_type=\"text-editor.default\">\n\t\t\t\t<div class=\"elementor-widget-container\">\n\t\t\t<style>\/*! elementor - v3.12.2 - 23-04-2023 *\/\n.elementor-widget-text-editor.elementor-drop-cap-view-stacked .elementor-drop-cap{background-color:#69727d;color:#fff}.elementor-widget-text-editor.elementor-drop-cap-view-framed .elementor-drop-cap{color:#69727d;border:3px solid;background-color:transparent}.elementor-widget-text-editor:not(.elementor-drop-cap-view-default) .elementor-drop-cap{margin-top:8px}.elementor-widget-text-editor:not(.elementor-drop-cap-view-default) .elementor-drop-cap-letter{width:1em;height:1em}.elementor-widget-text-editor .elementor-drop-cap{float:left;text-align:center;line-height:1;font-size:50px}.elementor-widget-text-editor .elementor-drop-cap-letter{display:inline-block}<\/style>\t\t\t\t<p>The cookie policy explains what cookies are, what type of cookies we use, the information we collect using cookie modules, how this information is used on the miralconcept.eu website.<\/p><p>The user can give his consent to the use of cookies but can revoke it by modifying the parameters of the browser used, which allows him to accept or refuse the installation of all or part of the cookies.<\/p>\t\t\t\t\t\t<\/div>\n\t\t\t\t<\/div>\n\t\t\t\t<div class=\"elementor-element elementor-element-4f1514ca elementor-widget elementor-widget-heading\" data-id=\"4f1514ca\" data-element_type=\"widget\" data-widget_type=\"heading.default\">\n\t\t\t\t<div class=\"elementor-widget-container\">\n\t\t\t<h3 class=\"elementor-heading-title elementor-size-default\">What are cookies?<\/h3>\t\t<\/div>\n\t\t\t\t<\/div>\n\t\t\t\t<div class=\"elementor-element elementor-element-7c10b3e8 elementor-widget elementor-widget-text-editor\" data-id=\"7c10b3e8\" data-element_type=\"widget\" data-widget_type=\"text-editor.default\">\n\t\t\t\t<div class=\"elementor-widget-container\">\n\t\t\t\t\t\t\t<p>An \"Internet cookie\" (term also known as a \"browser cookie\" or simply \"cookie\") is a small file, consisting of letters and numbers, which will be stored on the computer, mobile terminal or other equipment of a user from which the Internet is accessed.<\/p><p>A cookie consists of 2 parts: the name and the content or value of the cookie.<\/p>\t\t\t\t\t\t<\/div>\n\t\t\t\t<\/div>\n\t\t\t\t<div class=\"elementor-element elementor-element-30d8b765 elementor-widget elementor-widget-heading\" data-id=\"30d8b765\" data-element_type=\"widget\" data-widget_type=\"heading.default\">\n\t\t\t\t<div class=\"elementor-widget-container\">\n\t\t\t<h3 class=\"elementor-heading-title elementor-size-default\">Why do we use cookies?<\/h3>\t\t<\/div>\n\t\t\t\t<\/div>\n\t\t\t\t<div class=\"elementor-element elementor-element-24f7b49d elementor-widget elementor-widget-text-editor\" data-id=\"24f7b49d\" data-element_type=\"widget\" data-widget_type=\"text-editor.default\">\n\t\t\t\t<div class=\"elementor-widget-container\">\n\t\t\t\t\t\t\t<p>Cookies are used to distinguish the user from other users of the site.<\/p><p>Cookies are used so that our site remembers what you have done while browsing, for example, which articles you have accessed, from which device it has been accessed.<\/p>\t\t\t\t\t\t<\/div>\n\t\t\t\t<\/div>\n\t\t\t\t<div class=\"elementor-element elementor-element-35b1f2e5 elementor-widget elementor-widget-heading\" data-id=\"35b1f2e5\" data-element_type=\"widget\" data-widget_type=\"heading.default\">\n\t\t\t\t<div class=\"elementor-widget-container\">\n\t\t\t<h3 class=\"elementor-heading-title elementor-size-default\">What types of cookies do we use on the miralconcept.eu website?<\/h3>\t\t<\/div>\n\t\t\t\t<\/div>\n\t\t\t\t<div class=\"elementor-element elementor-element-6764dec8 elementor-widget elementor-widget-text-editor\" data-id=\"6764dec8\" data-element_type=\"widget\" data-widget_type=\"text-editor.default\">\n\t\t\t\t<div class=\"elementor-widget-container\">\n\t\t\t\t\t\t\t<ul><li>Necessary cookies that ensure the proper functioning of the site. This type of cookie is necessary for miralconcept.eu to allow its users to use this site.<\/li><li>Analytical\/performance cookies (Google Analytics), these cookies allow us to recognize and count the number of visitors to our site and to see how visitors move around when they use it. This helps us to improve the way our website works, for example by ensuring that users find what they are looking for easily.<\/li><li>Social network cookies (Facebook), this type of cookie allows the integration of social networks (Facebook) on the website and gives you the possibility to immediately like or share a page or a product on your favorite social service.<\/li><\/ul>\t\t\t\t\t\t<\/div>\n\t\t\t\t<\/div>\n\t\t\t\t<div class=\"elementor-element elementor-element-621f3597 elementor-widget elementor-widget-heading\" data-id=\"621f3597\" data-element_type=\"widget\" data-widget_type=\"heading.default\">\n\t\t\t\t<div class=\"elementor-widget-container\">\n\t\t\t<h3 class=\"elementor-heading-title elementor-size-default\">How can I manage, deactivate and delete cookies?<\/h3>\t\t<\/div>\n\t\t\t\t<\/div>\n\t\t\t\t<div class=\"elementor-element elementor-element-fc210cb elementor-widget elementor-widget-text-editor\" data-id=\"fc210cb\" data-element_type=\"widget\" data-widget_type=\"text-editor.default\">\n\t\t\t\t<div class=\"elementor-widget-container\">\n\t\t\t\t\t\t\t<p>Users can configure their browser to accept\/refuse cookies.<br \/>Disabling and refusing to receive cookies may make certain sections\/pages inconvenient or difficult to visit and use.<\/p><p>Detailed information on the management, deactivation and deletion of cookies using the settings of the browser used to browse the Internet is available at the following addresses:<\/p><p><strong>INTERNET EXPLORE<\/strong><\/p><ul><li>Deletion and management of cookies (IE 8, 9 and 10):<br \/><a href=\"http:\/\/windows.microsoft.com\/ro-RO\/internet-explorer\/delete-manage-cookies#ie=ie-8\" target=\"_blank\" rel=\"noopener\">Internet Explorer 8<\/a><br \/><a href=\"http:\/\/windows.microsoft.com\/ro-RO\/internet-explorer\/delete-manage-cookies#ie=ie-9\" target=\"_blank\" rel=\"noopener\">Internet Explorer 9<\/a><br \/><a href=\"http:\/\/windows.microsoft.com\/ro-RO\/internet-explorer\/delete-manage-cookies#ie=ie-10\" target=\"_blank\" rel=\"noopener\">Internet Explorer 10<\/a><\/li><\/ul><p>\u00a0<\/p><p><strong>MOZILLA FIREFOX<\/strong><\/p><ul><li>Cookie settings and cookie troubleshooting (enabling and disabling cookies, deleting cookies, blocking the installation of cookies by certain sites, unblocking the installation of cookies, etc.)<br \/><a href=\"http:\/\/support.mozilla.org\/ro\/kb\/cookie-urile\" target=\"_blank\" rel=\"noopener\">Delete cookies to delete information stored on your computer by other web pages<\/a><\/li><\/ul><p>\u00a0<\/p><p><strong>GOOGLE CHROME<\/strong><\/p><ul><li>Cookie management (delete, block, allow, set exceptions, etc.)<br \/><a href=\"https:\/\/support.google.com\/chrome\/bin\/answer.py?hl=ro&amp;answer=95647\" target=\"_blank\" rel=\"noopener\">Management of cookies and site data<\/a><\/li><\/ul><p>\u00a0<\/p><p><strong>SAFARI<\/strong><\/p><ul><li>Manage cookies \u2013 Manage cookies<br \/><a href=\"http:\/\/support.apple.com\/kb\/PH11913\" target=\"_blank\" rel=\"noopener\">Safari 6 (OS X Mountain Lion): Managing Cookies<\/a><\/li><li>Delete cookies \u2013 Delete cookies<br \/><a href=\"http:\/\/support.apple.com\/kb\/PH11920\" target=\"_blank\" rel=\"noopener\">Safari 6 (OS X Mountain Lion): Delete cookies and other data<\/a><\/li><\/ul><p>\u00a0<\/p><p><strong>OP\u00c9RA<\/strong><\/p><ul><li>Managing and deleting cookies<br \/><a href=\"http:\/\/help.opera.com\/Windows\/12.10\/en\/cookies.html\" target=\"_blank\" rel=\"noopener\">Management of cookies and site data<\/a><\/li><\/ul>\t\t\t\t\t\t<\/div>\n\t\t\t\t<\/div>\n\t\t\t\t\t<\/div>\n\t\t\t\t<\/div>\n\t\t\t\t\t\t\t<\/div>","protected":false},"excerpt":{"rendered":"<p>Miral Concept Politique de cookies La politique en mati\u00e8re de cookies explique ce que sont les cookies, quel type de cookies nous utilisons, les informations que nous collectons \u00e0 l&rsquo;aide de modules de cookies, comment ces informations sont utilis\u00e9es sur le site miralconcept.eu. L&rsquo;utilisateur peut donner son consentement \u00e0 l&rsquo;utilisation de cookies mais peut le [&hellip;]<\/p>","protected":false},"author":1,"featured_media":0,"parent":0,"menu_order":0,"comment_status":"closed","ping_status":"closed","template":"","meta":{"footnotes":""},"class_list":["post-1356","page","type-page","status-publish","hentry"],"yoast_head":"<!-- This site is optimized with the Yoast SEO plugin v20.6 - https:\/\/yoast.com\/wordpress\/plugins\/seo\/ -->\n<title>Politique de cookies - Miral Concept<\/title>\n<meta name=\"robots\" content=\"index, follow, max-snippet:-1, max-image-preview:large, max-video-preview:-1\" \/>\n<link rel=\"canonical\" href=\"https:\/\/miralconcept.eu\/en\/cookies-policy\/\" \/>\n<meta property=\"og:locale\" content=\"en_GB\" \/>\n<meta property=\"og:type\" content=\"article\" \/>\n<meta property=\"og:title\" content=\"Politique de cookies - Miral Concept\" \/>\n<meta property=\"og:description\" content=\"Miral Concept Politique de cookies La politique en mati\u00e8re de cookies explique ce que sont les cookies, quel type de cookies nous utilisons, les informations que nous collectons \u00e0 l&rsquo;aide de modules de cookies, comment ces informations sont utilis\u00e9es sur le site miralconcept.eu. L&rsquo;utilisateur peut donner son consentement \u00e0 l&rsquo;utilisation de cookies mais peut le [&hellip;]\" \/>\n<meta property=\"og:url\" content=\"https:\/\/miralconcept.eu\/en\/cookies-policy\/\" \/>\n<meta property=\"og:site_name\" content=\"Miral Concept\" \/>\n<meta property=\"article:publisher\" content=\"https:\/\/www.facebook.com\/profile.php?id=100063570221029\" \/>\n<meta property=\"article:modified_time\" content=\"2023-04-10T11:54:20+00:00\" \/>\n<meta property=\"og:image\" content=\"https:\/\/miralconcept.eu\/wp-content\/uploads\/2023\/03\/slide_1-jpg.webp\" \/>\n\t<meta property=\"og:image:width\" content=\"2000\" \/>\n\t<meta property=\"og:image:height\" content=\"1333\" \/>\n\t<meta property=\"og:image:type\" content=\"image\/jpeg\" \/>\n<meta name=\"twitter:card\" content=\"summary_large_image\" \/>\n<meta name=\"twitter:label1\" content=\"Estimated reading time\" \/>\n\t<meta name=\"twitter:data1\" content=\"3 minutes\" \/>\n<script type=\"application\/ld+json\" class=\"yoast-schema-graph\">{\"@context\":\"https:\/\/schema.org\",\"@graph\":[{\"@type\":\"WebPage\",\"@id\":\"https:\/\/miralconcept.eu\/politique-de-cookies\/\",\"url\":\"https:\/\/miralconcept.eu\/politique-de-cookies\/\",\"name\":\"Politique de cookies - Miral Concept\",\"isPartOf\":{\"@id\":\"https:\/\/miralconcept.eu\/#website\"},\"datePublished\":\"2023-04-10T11:26:17+00:00\",\"dateModified\":\"2023-04-10T11:54:20+00:00\",\"breadcrumb\":{\"@id\":\"https:\/\/miralconcept.eu\/politique-de-cookies\/#breadcrumb\"},\"inLanguage\":\"en-GB\",\"potentialAction\":[{\"@type\":\"ReadAction\",\"target\":[\"https:\/\/miralconcept.eu\/politique-de-cookies\/\"]}]},{\"@type\":\"BreadcrumbList\",\"@id\":\"https:\/\/miralconcept.eu\/politique-de-cookies\/#breadcrumb\",\"itemListElement\":[{\"@type\":\"ListItem\",\"position\":1,\"name\":\"Home\",\"item\":\"https:\/\/miralconcept.eu\/\"},{\"@type\":\"ListItem\",\"position\":2,\"name\":\"Politique de cookies\"}]},{\"@type\":\"WebSite\",\"@id\":\"https:\/\/miralconcept.eu\/#website\",\"url\":\"https:\/\/miralconcept.eu\/\",\"name\":\"Miral Concept Nettoyage Liege\",\"description\":\"\",\"publisher\":{\"@id\":\"https:\/\/miralconcept.eu\/#organization\"},\"potentialAction\":[{\"@type\":\"SearchAction\",\"target\":{\"@type\":\"EntryPoint\",\"urlTemplate\":\"https:\/\/miralconcept.eu\/?s={search_term_string}\"},\"query-input\":\"required name=search_term_string\"}],\"inLanguage\":\"en-GB\"},{\"@type\":\"Organization\",\"@id\":\"https:\/\/miralconcept.eu\/#organization\",\"name\":\"Miral Concept Nettoyage Liege\",\"url\":\"https:\/\/miralconcept.eu\/\",\"logo\":{\"@type\":\"ImageObject\",\"inLanguage\":\"en-GB\",\"@id\":\"https:\/\/miralconcept.eu\/#\/schema\/logo\/image\/\",\"url\":\"https:\/\/miralconcept.eu\/wp-content\/uploads\/2023\/03\/logo-miral.png\",\"contentUrl\":\"https:\/\/miralconcept.eu\/wp-content\/uploads\/2023\/03\/logo-miral.png\",\"width\":350,\"height\":259,\"caption\":\"Miral Concept Nettoyage Liege\"},\"image\":{\"@id\":\"https:\/\/miralconcept.eu\/#\/schema\/logo\/image\/\"},\"sameAs\":[\"https:\/\/www.facebook.com\/profile.php?id=100063570221029\",\"https:\/\/www.instagram.com\/miral_concept\/\"]}]}<\/script>\n<!-- \/ Yoast SEO plugin. -->","yoast_head_json":{"title":"Politique de cookies - Miral Concept","robots":{"index":"index","follow":"follow","max-snippet":"max-snippet:-1","max-image-preview":"max-image-preview:large","max-video-preview":"max-video-preview:-1"},"canonical":"https:\/\/miralconcept.eu\/en\/cookies-policy\/","og_locale":"en_GB","og_type":"article","og_title":"Politique de cookies - Miral Concept","og_description":"Miral Concept Politique de cookies La politique en mati\u00e8re de cookies explique ce que sont les cookies, quel type de cookies nous utilisons, les informations que nous collectons \u00e0 l&rsquo;aide de modules de cookies, comment ces informations sont utilis\u00e9es sur le site miralconcept.eu. L&rsquo;utilisateur peut donner son consentement \u00e0 l&rsquo;utilisation de cookies mais peut le [&hellip;]","og_url":"https:\/\/miralconcept.eu\/en\/cookies-policy\/","og_site_name":"Miral Concept","article_publisher":"https:\/\/www.facebook.com\/profile.php?id=100063570221029","article_modified_time":"2023-04-10T11:54:20+00:00","og_image":[{"width":2000,"height":1333,"url":"https:\/\/miralconcept.eu\/wp-content\/uploads\/2023\/03\/slide_1-jpg.webp","type":"image\/jpeg"}],"twitter_card":"summary_large_image","twitter_misc":{"Estimated reading time":"3 minutes"},"schema":{"@context":"https:\/\/schema.org","@graph":[{"@type":"WebPage","@id":"https:\/\/miralconcept.eu\/politique-de-cookies\/","url":"https:\/\/miralconcept.eu\/politique-de-cookies\/","name":"Politique de cookies - Miral Concept","isPartOf":{"@id":"https:\/\/miralconcept.eu\/#website"},"datePublished":"2023-04-10T11:26:17+00:00","dateModified":"2023-04-10T11:54:20+00:00","breadcrumb":{"@id":"https:\/\/miralconcept.eu\/politique-de-cookies\/#breadcrumb"},"inLanguage":"en-GB","potentialAction":[{"@type":"ReadAction","target":["https:\/\/miralconcept.eu\/politique-de-cookies\/"]}]},{"@type":"BreadcrumbList","@id":"https:\/\/miralconcept.eu\/politique-de-cookies\/#breadcrumb","itemListElement":[{"@type":"ListItem","position":1,"name":"Home","item":"https:\/\/miralconcept.eu\/"},{"@type":"ListItem","position":2,"name":"Politique de cookies"}]},{"@type":"WebSite","@id":"https:\/\/miralconcept.eu\/#website","url":"https:\/\/miralconcept.eu\/","name":"Miral Concept Nettoyage Liege","description":"","publisher":{"@id":"https:\/\/miralconcept.eu\/#organization"},"potentialAction":[{"@type":"SearchAction","target":{"@type":"EntryPoint","urlTemplate":"https:\/\/miralconcept.eu\/?s={search_term_string}"},"query-input":"required name=search_term_string"}],"inLanguage":"en-GB"},{"@type":"Organization","@id":"https:\/\/miralconcept.eu\/#organization","name":"Miral Concept Nettoyage Liege","url":"https:\/\/miralconcept.eu\/","logo":{"@type":"ImageObject","inLanguage":"en-GB","@id":"https:\/\/miralconcept.eu\/#\/schema\/logo\/image\/","url":"https:\/\/miralconcept.eu\/wp-content\/uploads\/2023\/03\/logo-miral.png","contentUrl":"https:\/\/miralconcept.eu\/wp-content\/uploads\/2023\/03\/logo-miral.png","width":350,"height":259,"caption":"Miral Concept Nettoyage Liege"},"image":{"@id":"https:\/\/miralconcept.eu\/#\/schema\/logo\/image\/"},"sameAs":["https:\/\/www.facebook.com\/profile.php?id=100063570221029","https:\/\/www.instagram.com\/miral_concept\/"]}]}},"_links":{"self":[{"href":"https:\/\/miralconcept.eu\/en\/wp-json\/wp\/v2\/pages\/1356","targetHints":{"allow":["GET"]}}],"collection":[{"href":"https:\/\/miralconcept.eu\/en\/wp-json\/wp\/v2\/pages"}],"about":[{"href":"https:\/\/miralconcept.eu\/en\/wp-json\/wp\/v2\/types\/page"}],"author":[{"embeddable":true,"href":"https:\/\/miralconcept.eu\/en\/wp-json\/wp\/v2\/users\/1"}],"replies":[{"embeddable":true,"href":"https:\/\/miralconcept.eu\/en\/wp-json\/wp\/v2\/comments?post=1356"}],"version-history":[{"count":0,"href":"https:\/\/miralconcept.eu\/en\/wp-json\/wp\/v2\/pages\/1356\/revisions"}],"wp:attachment":[{"href":"https:\/\/miralconcept.eu\/en\/wp-json\/wp\/v2\/media?parent=1356"}],"curies":[{"name":"wp","href":"https:\/\/api.w.org\/{rel}","templated":true}]}}