{"id":203,"date":"2023-03-29T16:25:32","date_gmt":"2023-03-29T14:25:32","guid":{"rendered":"https:\/\/miralconcept.eu\/?page_id=203"},"modified":"2024-04-25T12:07:43","modified_gmt":"2024-04-25T10:07:43","slug":"services-de-nettoyage","status":"publish","type":"page","link":"https:\/\/miralconcept.eu\/en\/services\/","title":{"rendered":"Cleaning services"},"content":{"rendered":"<div data-elementor-type=\"wp-page\" data-elementor-id=\"203\" class=\"elementor elementor-203\">\n\t\t\t\t\t\t\t<div class=\"elementor-element elementor-element-0a81e13 e-con-boxed e-con\" data-id=\"0a81e13\" data-element_type=\"container\" data-settings=\"{&quot;background_background&quot;:&quot;slideshow&quot;,&quot;background_slideshow_gallery&quot;:[{&quot;id&quot;:818,&quot;url&quot;:&quot;https:\\\/\\\/miralconcept.eu\\\/wp-content\\\/uploads\\\/2023\\\/04\\\/Cleaning-Services1-jpg.webp&quot;},{&quot;id&quot;:891,&quot;url&quot;:&quot;https:\\\/\\\/miralconcept.eu\\\/wp-content\\\/uploads\\\/2023\\\/04\\\/Cleaning-of-condominium-buildings3-jpg.webp&quot;},{&quot;id&quot;:892,&quot;url&quot;:&quot;https:\\\/\\\/miralconcept.eu\\\/wp-content\\\/uploads\\\/2023\\\/04\\\/Cleaning-services-at-the-end-of-construction1-jpg.webp&quot;}],&quot;background_slideshow_ken_burns&quot;:&quot;yes&quot;,&quot;content_width&quot;:&quot;boxed&quot;,&quot;background_slideshow_loop&quot;:&quot;yes&quot;,&quot;background_slideshow_slide_duration&quot;:5000,&quot;background_slideshow_slide_transition&quot;:&quot;fade&quot;,&quot;background_slideshow_transition_duration&quot;:500,&quot;background_slideshow_ken_burns_zoom_direction&quot;:&quot;in&quot;}\">\n\t\t\t\t\t<div class=\"e-con-inner\">\n\t\t<div class=\"elementor-element elementor-element-1c9d1e8 e-con-boxed e-con\" data-id=\"1c9d1e8\" data-element_type=\"container\" data-settings=\"{&quot;content_width&quot;:&quot;boxed&quot;}\">\n\t\t\t\t\t<div class=\"e-con-inner\">\n\t\t\t\t<div class=\"elementor-element elementor-element-c8fc0f5 elementor-widget elementor-widget-heading\" data-id=\"c8fc0f5\" data-element_type=\"widget\" data-widget_type=\"heading.default\">\n\t\t\t\t<div class=\"elementor-widget-container\">\n\t\t\t<style>\/*! elementor - v3.12.2 - 23-04-2023 *\/\n.elementor-heading-title{padding:0;margin:0;line-height:1}.elementor-widget-heading .elementor-heading-title[class*=elementor-size-]>a{color:inherit;font-size:inherit;line-height:inherit}.elementor-widget-heading .elementor-heading-title.elementor-size-small{font-size:15px}.elementor-widget-heading .elementor-heading-title.elementor-size-medium{font-size:19px}.elementor-widget-heading .elementor-heading-title.elementor-size-large{font-size:29px}.elementor-widget-heading .elementor-heading-title.elementor-size-xl{font-size:39px}.elementor-widget-heading .elementor-heading-title.elementor-size-xxl{font-size:59px}<\/style><h2 class=\"elementor-heading-title elementor-size-default\">Services<\/h2>\t\t<\/div>\n\t\t\t\t<\/div>\n\t\t\t\t<div class=\"elementor-element elementor-element-5ee494e elementor-widget elementor-widget-heading\" data-id=\"5ee494e\" data-element_type=\"widget\" data-widget_type=\"heading.default\">\n\t\t\t\t<div class=\"elementor-widget-container\">\n\t\t\t<h3 class=\"elementor-heading-title elementor-size-default\">Cleaning of offices, commercial surfaces, car parks, cinemas and theatres, schools, condominium buildings, end of construction site, life cabins on site, factories and industries, windows<\/h3>\t\t<\/div>\n\t\t\t\t<\/div>\n\t\t\t\t\t<\/div>\n\t\t\t\t<\/div>\n\t\t\t\t\t<\/div>\n\t\t\t\t<\/div>\n\t\t<div class=\"elementor-element elementor-element-297d9e8 e-con-boxed e-con\" data-id=\"297d9e8\" data-element_type=\"container\" data-settings=\"{&quot;content_width&quot;:&quot;boxed&quot;}\">\n\t\t\t\t\t<div class=\"e-con-inner\">\n\t\t<a class=\"elementor-element elementor-element-8f8a665 e-con-full e-con\" data-id=\"8f8a665\" data-element_type=\"container\" data-settings=\"{&quot;content_width&quot;:&quot;full&quot;,&quot;background_background&quot;:&quot;classic&quot;}\" href=\"https:\/\/miralconcept.eu\/en\/services\/office-cleaning\/\">\n\t\t\t\t<div class=\"elementor-element elementor-element-2b24cda elementor-widget elementor-widget-heading\" data-id=\"2b24cda\" data-element_type=\"widget\" data-widget_type=\"heading.default\">\n\t\t\t\t<div class=\"elementor-widget-container\">\n\t\t\t<h3 class=\"elementor-heading-title elementor-size-default\">Professional cleaning services in offices<\/h3>\t\t<\/div>\n\t\t\t\t<\/div>\n\t\t\t\t<\/a>\n\t\t<a class=\"elementor-element elementor-element-2ca136a e-con-full e-con\" data-id=\"2ca136a\" data-element_type=\"container\" data-settings=\"{&quot;content_width&quot;:&quot;full&quot;,&quot;background_background&quot;:&quot;classic&quot;}\" href=\"https:\/\/miralconcept.eu\/en\/services\/professional-cleaning-services-in-commercial-premises\/\">\n\t\t\t\t<div class=\"elementor-element elementor-element-33256d7 elementor-widget elementor-widget-heading\" data-id=\"33256d7\" data-element_type=\"widget\" data-widget_type=\"heading.default\">\n\t\t\t\t<div class=\"elementor-widget-container\">\n\t\t\t<h3 class=\"elementor-heading-title elementor-size-default\">Professional cleaning services in commercial premises<\/h3>\t\t<\/div>\n\t\t\t\t<\/div>\n\t\t\t\t<\/a>\n\t\t<a class=\"elementor-element elementor-element-357ecaa e-con-full e-con\" data-id=\"357ecaa\" data-element_type=\"container\" data-settings=\"{&quot;content_width&quot;:&quot;full&quot;,&quot;background_background&quot;:&quot;classic&quot;}\" href=\"https:\/\/miralconcept.eu\/en\/services\/professional-cleaning-services-in-schools-2\/\">\n\t\t\t\t<div class=\"elementor-element elementor-element-375282a elementor-widget elementor-widget-heading\" data-id=\"375282a\" data-element_type=\"widget\" data-widget_type=\"heading.default\">\n\t\t\t\t<div class=\"elementor-widget-container\">\n\t\t\t<h3 class=\"elementor-heading-title elementor-size-default\">Professional cleaning services in schools <\/h3>\t\t<\/div>\n\t\t\t\t<\/div>\n\t\t\t\t<\/a>\n\t\t\t\t\t<\/div>\n\t\t\t\t<\/div>\n\t\t<div class=\"elementor-element elementor-element-3b867b0 e-con-full e-con\" data-id=\"3b867b0\" data-element_type=\"container\" data-settings=\"{&quot;content_width&quot;:&quot;full&quot;}\">\n\t\t<a class=\"elementor-element elementor-element-f13e7c4 e-con-full e-con\" data-id=\"f13e7c4\" data-element_type=\"container\" data-settings=\"{&quot;content_width&quot;:&quot;full&quot;,&quot;background_background&quot;:&quot;classic&quot;}\" href=\"https:\/\/miralconcept.eu\/en\/services\/professional-window-cleaning-services\/\">\n\t\t\t\t<div class=\"elementor-element elementor-element-9ad8cca elementor-widget elementor-widget-heading\" data-id=\"9ad8cca\" data-element_type=\"widget\" data-widget_type=\"heading.default\">\n\t\t\t\t<div class=\"elementor-widget-container\">\n\t\t\t<h3 class=\"elementor-heading-title elementor-size-default\">Professional window cleaning services<\/h3>\t\t<\/div>\n\t\t\t\t<\/div>\n\t\t\t\t<\/a>\n\t\t<a class=\"elementor-element elementor-element-3eb0bca e-con-full e-con\" data-id=\"3eb0bca\" data-element_type=\"container\" data-settings=\"{&quot;content_width&quot;:&quot;full&quot;,&quot;background_background&quot;:&quot;classic&quot;}\" href=\"https:\/\/miralconcept.eu\/en\/services\/cleaning-services-at-the-end-of-construction\/\">\n\t\t\t\t<div class=\"elementor-element elementor-element-c2fd6ec elementor-widget elementor-widget-heading\" data-id=\"c2fd6ec\" data-element_type=\"widget\" data-widget_type=\"heading.default\">\n\t\t\t\t<div class=\"elementor-widget-container\">\n\t\t\t<h3 class=\"elementor-heading-title elementor-size-default\">Cleaning services at the end of construction <\/h3>\t\t<\/div>\n\t\t\t\t<\/div>\n\t\t\t\t<\/a>\n\t\t<a class=\"elementor-element elementor-element-a23e68b e-con-full e-con\" data-id=\"a23e68b\" data-element_type=\"container\" data-settings=\"{&quot;content_width&quot;:&quot;full&quot;,&quot;background_background&quot;:&quot;classic&quot;}\" href=\"https:\/\/miralconcept.eu\/en\/services\/professional-industrial-cleaning-services\/\">\n\t\t\t\t<div class=\"elementor-element elementor-element-f4aa3d2 elementor-widget elementor-widget-heading\" data-id=\"f4aa3d2\" data-element_type=\"widget\" data-widget_type=\"heading.default\">\n\t\t\t\t<div class=\"elementor-widget-container\">\n\t\t\t<h3 class=\"elementor-heading-title elementor-size-default\">Professional industrial cleaning services <\/h3>\t\t<\/div>\n\t\t\t\t<\/div>\n\t\t\t\t<\/a>\n\t\t<a class=\"elementor-element elementor-element-47a9777 e-con-full e-con\" data-id=\"47a9777\" data-element_type=\"container\" data-settings=\"{&quot;content_width&quot;:&quot;full&quot;,&quot;background_background&quot;:&quot;classic&quot;}\" href=\"https:\/\/miralconcept.eu\/en\/services\/cleaning-services-at-the-end-of-construction-2\/\">\n\t\t\t\t<div class=\"elementor-element elementor-element-a530572 elementor-widget elementor-widget-heading\" data-id=\"a530572\" data-element_type=\"widget\" data-widget_type=\"heading.default\">\n\t\t\t\t<div class=\"elementor-widget-container\">\n\t\t\t<h3 class=\"elementor-heading-title elementor-size-default\">Cleaning services at the end of construction <\/h3>\t\t<\/div>\n\t\t\t\t<\/div>\n\t\t\t\t<\/a>\n\t\t\t\t<\/div>\n\t\t<div class=\"elementor-element elementor-element-cb73b01 e-con-boxed e-con\" data-id=\"cb73b01\" data-element_type=\"container\" data-settings=\"{&quot;content_width&quot;:&quot;boxed&quot;}\">\n\t\t\t\t\t<div class=\"e-con-inner\">\n\t\t<a class=\"elementor-element elementor-element-db5c7de e-con-full e-con\" data-id=\"db5c7de\" data-element_type=\"container\" data-settings=\"{&quot;content_width&quot;:&quot;full&quot;,&quot;background_background&quot;:&quot;classic&quot;}\" href=\"https:\/\/miralconcept.eu\/en\/services\/cleaning-of-condominium-buildings\/\">\n\t\t\t\t<div class=\"elementor-element elementor-element-dd31319 elementor-widget elementor-widget-heading\" data-id=\"dd31319\" data-element_type=\"widget\" data-widget_type=\"heading.default\">\n\t\t\t\t<div class=\"elementor-widget-container\">\n\t\t\t<h3 class=\"elementor-heading-title elementor-size-default\">Cleaning of condominium buildings<\/h3>\t\t<\/div>\n\t\t\t\t<\/div>\n\t\t\t\t<\/a>\n\t\t<a class=\"elementor-element elementor-element-9359ef2 e-con-full e-con\" data-id=\"9359ef2\" data-element_type=\"container\" data-settings=\"{&quot;content_width&quot;:&quot;full&quot;,&quot;background_background&quot;:&quot;classic&quot;}\" href=\"https:\/\/miralconcept.eu\/en\/services\/cleaning-services-in-cinemas-and-theatres-2\/\">\n\t\t\t\t<div class=\"elementor-element elementor-element-7aa1f86 elementor-widget elementor-widget-heading\" data-id=\"7aa1f86\" data-element_type=\"widget\" data-widget_type=\"heading.default\">\n\t\t\t\t<div class=\"elementor-widget-container\">\n\t\t\t<h3 class=\"elementor-heading-title elementor-size-default\">Cleaning services in cinemas and theatres <\/h3>\t\t<\/div>\n\t\t\t\t<\/div>\n\t\t\t\t<\/a>\n\t\t<a class=\"elementor-element elementor-element-5bff156 e-con-full e-con\" data-id=\"5bff156\" data-element_type=\"container\" data-settings=\"{&quot;content_width&quot;:&quot;full&quot;,&quot;background_background&quot;:&quot;classic&quot;}\" href=\"https:\/\/miralconcept.eu\/en\/services\/cleaning-services-in-company-car-parks\/\">\n\t\t\t\t<div class=\"elementor-element elementor-element-a8aec51 elementor-widget elementor-widget-heading\" data-id=\"a8aec51\" data-element_type=\"widget\" data-widget_type=\"heading.default\">\n\t\t\t\t<div class=\"elementor-widget-container\">\n\t\t\t<h3 class=\"elementor-heading-title elementor-size-default\">Cleaning services in company car parks<\/h3>\t\t<\/div>\n\t\t\t\t<\/div>\n\t\t\t\t<\/a>\n\t\t\t\t\t<\/div>\n\t\t\t\t<\/div>\n\t\t<div class=\"elementor-element elementor-element-e5e1fbf e-con-boxed e-con\" data-id=\"e5e1fbf\" data-element_type=\"container\" data-settings=\"{&quot;background_background&quot;:&quot;classic&quot;,&quot;content_width&quot;:&quot;boxed&quot;}\">\n\t\t\t\t\t<div class=\"e-con-inner\">\n\t\t<div class=\"elementor-element elementor-element-5db3db5 e-con-full e-con\" data-id=\"5db3db5\" data-element_type=\"container\" data-settings=\"{&quot;content_width&quot;:&quot;full&quot;}\">\n\t\t\t\t<div class=\"elementor-element elementor-element-61aa49b elementor-position-left elementor-vertical-align-middle elementor-view-default elementor-mobile-position-top elementor-widget elementor-widget-icon-box\" data-id=\"61aa49b\" data-element_type=\"widget\" data-widget_type=\"icon-box.default\">\n\t\t\t\t<div class=\"elementor-widget-container\">\n\t\t\t<link rel=\"stylesheet\" href=\"https:\/\/miralconcept.eu\/wp-content\/uploads\/elementor\/css\/custom-widget-icon-box.min.css?ver=1682664873\">\t\t<div class=\"elementor-icon-box-wrapper\">\n\t\t\t\t\t\t<div class=\"elementor-icon-box-icon\">\n\t\t\t\t<a class=\"elementor-icon elementor-animation-grow\" href=\"tel: 32 489 04 47 52\">\n\t\t\t\t<svg aria-hidden=\"true\" class=\"e-font-icon-svg e-fas-mobile-alt\" viewbox=\"0 0 320 512\" xmlns=\"http:\/\/www.w3.org\/2000\/svg\"><path d=\"M272 0H48C21.5 0 0 21.5 0 48v416c0 26.5 21.5 48 48 48h224c26.5 0 48-21.5 48-48V48c0-26.5-21.5-48-48-48zM160 480c-17.7 0-32-14.3-32-32s14.3-32 32-32 32 14.3 32 32-14.3 32-32 32zm112-108c0 6.6-5.4 12-12 12H60c-6.6 0-12-5.4-12-12V60c0-6.6 5.4-12 12-12h200c6.6 0 12 5.4 12 12v312z\"><\/path><\/svg>\t\t\t\t<\/a>\n\t\t\t<\/div>\n\t\t\t\t\t\t<div class=\"elementor-icon-box-content\">\n\t\t\t\t<h3 class=\"elementor-icon-box-title\">\n\t\t\t\t\t<a href=\"tel: 32 489 04 47 52\" >\n\t\t\t\t\t\tCall Us\t\t\t\t\t<\/a>\n\t\t\t\t<\/h3>\n\t\t\t\t\t\t\t\t\t<p class=\"elementor-icon-box-description\">\n\t\t\t\t\t\t+32 489 04 47 52\t\t\t\t\t<\/p>\n\t\t\t\t\t\t\t<\/div>\n\t\t<\/div>\n\t\t\t\t<\/div>\n\t\t\t\t<\/div>\n\t\t\t\t<\/div>\n\t\t<div class=\"elementor-element elementor-element-b2ddb51 e-con-full e-con\" data-id=\"b2ddb51\" data-element_type=\"container\" data-settings=\"{&quot;content_width&quot;:&quot;full&quot;}\">\n\t\t\t\t<div class=\"elementor-element elementor-element-5fb6611 elementor-position-left elementor-vertical-align-middle elementor-view-default elementor-mobile-position-top elementor-widget elementor-widget-icon-box\" data-id=\"5fb6611\" data-element_type=\"widget\" data-widget_type=\"icon-box.default\">\n\t\t\t\t<div class=\"elementor-widget-container\">\n\t\t\t\t\t<div class=\"elementor-icon-box-wrapper\">\n\t\t\t\t\t\t<div class=\"elementor-icon-box-icon\">\n\t\t\t\t<a class=\"elementor-icon elementor-animation-grow\" href=\"https:\/\/miralconcept.eu\/en\/contact\/#cont_form\/\">\n\t\t\t\t<svg aria-hidden=\"true\" class=\"e-font-icon-svg e-fas-envelope-open-text\" viewbox=\"0 0 512 512\" xmlns=\"http:\/\/www.w3.org\/2000\/svg\"><path d=\"M176 216h160c8.84 0 16-7.16 16-16v-16c0-8.84-7.16-16-16-16H176c-8.84 0-16 7.16-16 16v16c0 8.84 7.16 16 16 16zm-16 80c0 8.84 7.16 16 16 16h160c8.84 0 16-7.16 16-16v-16c0-8.84-7.16-16-16-16H176c-8.84 0-16 7.16-16 16v16zm96 121.13c-16.42 0-32.84-5.06-46.86-15.19L0 250.86V464c0 26.51 21.49 48 48 48h416c26.51 0 48-21.49 48-48V250.86L302.86 401.94c-14.02 10.12-30.44 15.19-46.86 15.19zm237.61-254.18c-8.85-6.94-17.24-13.47-29.61-22.81V96c0-26.51-21.49-48-48-48h-77.55c-3.04-2.2-5.87-4.26-9.04-6.56C312.6 29.17 279.2-.35 256 0c-23.2-.35-56.59 29.17-73.41 41.44-3.17 2.3-6 4.36-9.04 6.56H96c-26.51 0-48 21.49-48 48v44.14c-12.37 9.33-20.76 15.87-29.61 22.81A47.995 47.995 0 0 0 0 200.72v10.65l96 69.35V96h320v184.72l96-69.35v-10.65c0-14.74-6.78-28.67-18.39-37.77z\"><\/path><\/svg>\t\t\t\t<\/a>\n\t\t\t<\/div>\n\t\t\t\t\t\t<div class=\"elementor-icon-box-content\">\n\t\t\t\t<h3 class=\"elementor-icon-box-title\">\n\t\t\t\t\t<a href=\"https:\/\/miralconcept.eu\/en\/contact\/#cont_form\/\" >\n\t\t\t\t\t\tE-mail Miral Concept\t\t\t\t\t<\/a>\n\t\t\t\t<\/h3>\n\t\t\t\t\t\t\t\t\t<p class=\"elementor-icon-box-description\">\n\t\t\t\t\t\tmiralconcept@yahoo.com\t\t\t\t\t<\/p>\n\t\t\t\t\t\t\t<\/div>\n\t\t<\/div>\n\t\t\t\t<\/div>\n\t\t\t\t<\/div>\n\t\t\t\t<\/div>\n\t\t\t\t\t<\/div>\n\t\t\t\t<\/div>\n\t\t\t\t\t\t\t<\/div>","protected":false},"excerpt":{"rendered":"<p>Services Nettoyage de bureaux, de surfaces commerciales, de parking, de cin\u00e9mas et th\u00e9\u00e2tres, d\u2019\u00e9coles, d\u2019immeubles de copropri\u00e9t\u00e9s, de fin de chantier, de cabines de vie sur chantier, d\u2019usines et d\u2019industries, des vitres Nettoyage de bureaux Nettoyage de surfaces commerciales Nettoyage d\u2019\u00e9coles Nettoyage des vitres Nettoyage de fin de chantier Nettoyage d\u2019usines et d\u2019industries Nettoyage de [&hellip;]<\/p>","protected":false},"author":1,"featured_media":0,"parent":0,"menu_order":0,"comment_status":"closed","ping_status":"closed","template":"","meta":{"footnotes":""},"class_list":["post-203","page","type-page","status-publish","hentry"],"yoast_head":"<!-- This site is optimized with the Yoast SEO plugin v20.6 - https:\/\/yoast.com\/wordpress\/plugins\/seo\/ -->\n<title>Services de Nettoyage Liege - Miral Concept<\/title>\n<meta name=\"description\" content=\"Nettoyage de bureaux, de surfaces commerciales, de parking, de cin\u00e9mas et th\u00e9\u00e2tres, d\u2019\u00e9coles, d\u2019immeubles de copropri\u00e9t\u00e9s, de fin de chantier, de cabines de vie sur chantier, d\u2019usines et d\u2019industries, des vitres dans Liege.\" \/>\n<meta name=\"robots\" content=\"index, follow, max-snippet:-1, max-image-preview:large, max-video-preview:-1\" \/>\n<link rel=\"canonical\" href=\"https:\/\/miralconcept.eu\/en\/services\/\" \/>\n<meta property=\"og:locale\" content=\"en_GB\" \/>\n<meta property=\"og:type\" content=\"article\" \/>\n<meta property=\"og:title\" content=\"Services de Nettoyage Liege - Miral Concept\" \/>\n<meta property=\"og:description\" content=\"Nettoyage de bureaux, de surfaces commerciales, de parking, de cin\u00e9mas et th\u00e9\u00e2tres, d\u2019\u00e9coles, d\u2019immeubles de copropri\u00e9t\u00e9s, de fin de chantier, de cabines de vie sur chantier, d\u2019usines et d\u2019industries, des vitres dans Liege.\" \/>\n<meta property=\"og:url\" content=\"https:\/\/miralconcept.eu\/en\/services\/\" \/>\n<meta property=\"og:site_name\" content=\"Miral Concept\" \/>\n<meta property=\"article:publisher\" content=\"https:\/\/www.facebook.com\/profile.php?id=100063570221029\" \/>\n<meta property=\"article:modified_time\" content=\"2024-04-25T10:07:43+00:00\" \/>\n<meta property=\"og:image\" content=\"https:\/\/miralconcept.eu\/wp-content\/uploads\/2023\/04\/office-cleaning-services3-jpg.webp\" \/>\n\t<meta property=\"og:image:width\" content=\"2000\" \/>\n\t<meta property=\"og:image:height\" content=\"2000\" \/>\n\t<meta property=\"og:image:type\" content=\"image\/jpeg\" \/>\n<meta name=\"twitter:card\" content=\"summary_large_image\" \/>\n<meta name=\"twitter:label1\" content=\"Estimated reading time\" \/>\n\t<meta name=\"twitter:data1\" content=\"1 minute\" \/>\n<script type=\"application\/ld+json\" class=\"yoast-schema-graph\">{\"@context\":\"https:\/\/schema.org\",\"@graph\":[{\"@type\":\"WebPage\",\"@id\":\"https:\/\/miralconcept.eu\/services-de-nettoyage\/\",\"url\":\"https:\/\/miralconcept.eu\/services-de-nettoyage\/\",\"name\":\"Services de Nettoyage Liege - Miral Concept\",\"isPartOf\":{\"@id\":\"https:\/\/miralconcept.eu\/#website\"},\"datePublished\":\"2023-03-29T14:25:32+00:00\",\"dateModified\":\"2024-04-25T10:07:43+00:00\",\"description\":\"Nettoyage de bureaux, de surfaces commerciales, de parking, de cin\u00e9mas et th\u00e9\u00e2tres, d\u2019\u00e9coles, d\u2019immeubles de copropri\u00e9t\u00e9s, de fin de chantier, de cabines de vie sur chantier, d\u2019usines et d\u2019industries, des vitres dans Liege.\",\"breadcrumb\":{\"@id\":\"https:\/\/miralconcept.eu\/services-de-nettoyage\/#breadcrumb\"},\"inLanguage\":\"en-GB\",\"potentialAction\":[{\"@type\":\"ReadAction\",\"target\":[\"https:\/\/miralconcept.eu\/services-de-nettoyage\/\"]}]},{\"@type\":\"BreadcrumbList\",\"@id\":\"https:\/\/miralconcept.eu\/services-de-nettoyage\/#breadcrumb\",\"itemListElement\":[{\"@type\":\"ListItem\",\"position\":1,\"name\":\"Home\",\"item\":\"https:\/\/miralconcept.eu\/\"},{\"@type\":\"ListItem\",\"position\":2,\"name\":\"Services de Nettoyage\"}]},{\"@type\":\"WebSite\",\"@id\":\"https:\/\/miralconcept.eu\/#website\",\"url\":\"https:\/\/miralconcept.eu\/\",\"name\":\"Miral Concept Nettoyage Liege\",\"description\":\"\",\"publisher\":{\"@id\":\"https:\/\/miralconcept.eu\/#organization\"},\"potentialAction\":[{\"@type\":\"SearchAction\",\"target\":{\"@type\":\"EntryPoint\",\"urlTemplate\":\"https:\/\/miralconcept.eu\/?s={search_term_string}\"},\"query-input\":\"required name=search_term_string\"}],\"inLanguage\":\"en-GB\"},{\"@type\":\"Organization\",\"@id\":\"https:\/\/miralconcept.eu\/#organization\",\"name\":\"Miral Concept Nettoyage Liege\",\"url\":\"https:\/\/miralconcept.eu\/\",\"logo\":{\"@type\":\"ImageObject\",\"inLanguage\":\"en-GB\",\"@id\":\"https:\/\/miralconcept.eu\/#\/schema\/logo\/image\/\",\"url\":\"https:\/\/miralconcept.eu\/wp-content\/uploads\/2023\/03\/logo-miral.png\",\"contentUrl\":\"https:\/\/miralconcept.eu\/wp-content\/uploads\/2023\/03\/logo-miral.png\",\"width\":350,\"height\":259,\"caption\":\"Miral Concept Nettoyage Liege\"},\"image\":{\"@id\":\"https:\/\/miralconcept.eu\/#\/schema\/logo\/image\/\"},\"sameAs\":[\"https:\/\/www.facebook.com\/profile.php?id=100063570221029\",\"https:\/\/www.instagram.com\/miral_concept\/\"]}]}<\/script>\n<!-- \/ Yoast SEO plugin. -->","yoast_head_json":{"title":"Services de Nettoyage Liege - Miral Concept","description":"Nettoyage de bureaux, de surfaces commerciales, de parking, de cin\u00e9mas et th\u00e9\u00e2tres, d\u2019\u00e9coles, d\u2019immeubles de copropri\u00e9t\u00e9s, de fin de chantier, de cabines de vie sur chantier, d\u2019usines et d\u2019industries, des vitres dans Liege.","robots":{"index":"index","follow":"follow","max-snippet":"max-snippet:-1","max-image-preview":"max-image-preview:large","max-video-preview":"max-video-preview:-1"},"canonical":"https:\/\/miralconcept.eu\/en\/services\/","og_locale":"en_GB","og_type":"article","og_title":"Services de Nettoyage Liege - Miral Concept","og_description":"Nettoyage de bureaux, de surfaces commerciales, de parking, de cin\u00e9mas et th\u00e9\u00e2tres, d\u2019\u00e9coles, d\u2019immeubles de copropri\u00e9t\u00e9s, de fin de chantier, de cabines de vie sur chantier, d\u2019usines et d\u2019industries, des vitres dans Liege.","og_url":"https:\/\/miralconcept.eu\/en\/services\/","og_site_name":"Miral Concept","article_publisher":"https:\/\/www.facebook.com\/profile.php?id=100063570221029","article_modified_time":"2024-04-25T10:07:43+00:00","og_image":[{"width":2000,"height":2000,"url":"https:\/\/miralconcept.eu\/wp-content\/uploads\/2023\/04\/office-cleaning-services3-jpg.webp","type":"image\/jpeg"}],"twitter_card":"summary_large_image","twitter_misc":{"Estimated reading time":"1 minute"},"schema":{"@context":"https:\/\/schema.org","@graph":[{"@type":"WebPage","@id":"https:\/\/miralconcept.eu\/services-de-nettoyage\/","url":"https:\/\/miralconcept.eu\/services-de-nettoyage\/","name":"Services de Nettoyage Liege - Miral Concept","isPartOf":{"@id":"https:\/\/miralconcept.eu\/#website"},"datePublished":"2023-03-29T14:25:32+00:00","dateModified":"2024-04-25T10:07:43+00:00","description":"Nettoyage de bureaux, de surfaces commerciales, de parking, de cin\u00e9mas et th\u00e9\u00e2tres, d\u2019\u00e9coles, d\u2019immeubles de copropri\u00e9t\u00e9s, de fin de chantier, de cabines de vie sur chantier, d\u2019usines et d\u2019industries, des vitres dans Liege.","breadcrumb":{"@id":"https:\/\/miralconcept.eu\/services-de-nettoyage\/#breadcrumb"},"inLanguage":"en-GB","potentialAction":[{"@type":"ReadAction","target":["https:\/\/miralconcept.eu\/services-de-nettoyage\/"]}]},{"@type":"BreadcrumbList","@id":"https:\/\/miralconcept.eu\/services-de-nettoyage\/#breadcrumb","itemListElement":[{"@type":"ListItem","position":1,"name":"Home","item":"https:\/\/miralconcept.eu\/"},{"@type":"ListItem","position":2,"name":"Services de Nettoyage"}]},{"@type":"WebSite","@id":"https:\/\/miralconcept.eu\/#website","url":"https:\/\/miralconcept.eu\/","name":"Miral Concept Nettoyage Liege","description":"","publisher":{"@id":"https:\/\/miralconcept.eu\/#organization"},"potentialAction":[{"@type":"SearchAction","target":{"@type":"EntryPoint","urlTemplate":"https:\/\/miralconcept.eu\/?s={search_term_string}"},"query-input":"required name=search_term_string"}],"inLanguage":"en-GB"},{"@type":"Organization","@id":"https:\/\/miralconcept.eu\/#organization","name":"Miral Concept Nettoyage Liege","url":"https:\/\/miralconcept.eu\/","logo":{"@type":"ImageObject","inLanguage":"en-GB","@id":"https:\/\/miralconcept.eu\/#\/schema\/logo\/image\/","url":"https:\/\/miralconcept.eu\/wp-content\/uploads\/2023\/03\/logo-miral.png","contentUrl":"https:\/\/miralconcept.eu\/wp-content\/uploads\/2023\/03\/logo-miral.png","width":350,"height":259,"caption":"Miral Concept Nettoyage Liege"},"image":{"@id":"https:\/\/miralconcept.eu\/#\/schema\/logo\/image\/"},"sameAs":["https:\/\/www.facebook.com\/profile.php?id=100063570221029","https:\/\/www.instagram.com\/miral_concept\/"]}]}},"_links":{"self":[{"href":"https:\/\/miralconcept.eu\/en\/wp-json\/wp\/v2\/pages\/203","targetHints":{"allow":["GET"]}}],"collection":[{"href":"https:\/\/miralconcept.eu\/en\/wp-json\/wp\/v2\/pages"}],"about":[{"href":"https:\/\/miralconcept.eu\/en\/wp-json\/wp\/v2\/types\/page"}],"author":[{"embeddable":true,"href":"https:\/\/miralconcept.eu\/en\/wp-json\/wp\/v2\/users\/1"}],"replies":[{"embeddable":true,"href":"https:\/\/miralconcept.eu\/en\/wp-json\/wp\/v2\/comments?post=203"}],"version-history":[{"count":1,"href":"https:\/\/miralconcept.eu\/en\/wp-json\/wp\/v2\/pages\/203\/revisions"}],"predecessor-version":[{"id":1552,"href":"https:\/\/miralconcept.eu\/en\/wp-json\/wp\/v2\/pages\/203\/revisions\/1552"}],"wp:attachment":[{"href":"https:\/\/miralconcept.eu\/en\/wp-json\/wp\/v2\/media?parent=203"}],"curies":[{"name":"wp","href":"https:\/\/api.w.org\/{rel}","templated":true}]}}